{"id":7,"date":"2026-02-25T08:29:01","date_gmt":"2026-02-25T07:29:01","guid":{"rendered":"https:\/\/agromarket-polska.pl\/?page_id=7"},"modified":"2026-03-03T11:18:37","modified_gmt":"2026-03-03T10:18:37","slug":"agro-market","status":"publish","type":"page","link":"https:\/\/agromarket-polska.pl\/","title":{"rendered":"agro-market"},"content":{"rendered":"\t\t<div data-elementor-type=\"wp-page\" data-elementor-id=\"7\" class=\"elementor elementor-7\">\n\t\t\t\t<div class=\"elementor-element elementor-element-22cd064 e-flex e-con-boxed e-con e-parent\" data-id=\"22cd064\" data-element_type=\"container\" data-e-type=\"container\" data-settings=\"{&quot;background_background&quot;:&quot;classic&quot;}\">\n\t\t\t\t\t<div class=\"e-con-inner\">\n\t\t\t\t<div class=\"elementor-element elementor-element-6b0ecd2 elementor-widget elementor-widget-heading\" data-id=\"6b0ecd2\" data-element_type=\"widget\" data-e-type=\"widget\" data-widget_type=\"heading.default\">\n\t\t\t\t\t<h1 class=\"elementor-heading-title elementor-size-default\">\nAGROMARKET POLSKA SP\u00d3\u0141KA Z OGRANICZON\u0104 ODPOWIEDZIALNO\u015aCI\u0104<\/h1>\t\t\t\t<\/div>\n\t\t\t\t<div class=\"elementor-element elementor-element-1e40348 elementor-widget__width-initial elementor-widget elementor-widget-text-editor\" data-id=\"1e40348\" data-element_type=\"widget\" data-e-type=\"widget\" data-widget_type=\"text-editor.default\">\n\t\t\t\t\t\t\t\t\t<div id=\"content\" class=\"flex flex-wrap w-full\"><div class=\"w-3\/6\"><div class=\"company-full-name-value attribute-value mb-4 inline-flex\"><p id=\"registry-details-row-copy-0\" class=\"p-element registry-details__row__copy ml-3 mobile::hidden\">Adres siedziby<\/p><\/div><\/div><p><span class=\"legal-address attribute-value ng-star-inserted\">Polska, 20-291 Lublin<br \/>UL. GENERA\u0141A STANIS\u0141AWA SKALSKIEGO 3 \/ 11<\/span><\/p><div class=\"link display-company-map-button inline-flex text-small\">NIP: 9462759586<\/div><\/div><div class=\"registry-details mt-8 ng-star-inserted\"><div class=\"registry-details__row\"><div class=\"registry-details__row__value !text-f13-l16 lg:!text-small-line flex items-center\"><div id=\"registry-details-row-copy-1\" class=\"p-element registry-details__row__copy ml-3 ng-star-inserted\">REGON: 543023609<\/div><\/div><\/div><div class=\"registry-details__row\"><div class=\"registry-details__row__value !text-f13-l16 lg:!text-small-line flex items-center\"><div id=\"registry-details-row-copy-2\" class=\"p-element registry-details__row__copy ml-3 ng-star-inserted\">KRS: 0001200515<\/div><\/div><\/div><\/div>\t\t\t\t\t\t\t\t<\/div>\n\t\t\t\t<div class=\"elementor-element elementor-element-164b02a elementor-widget-divider--view-line elementor-widget elementor-widget-divider\" data-id=\"164b02a\" data-element_type=\"widget\" data-e-type=\"widget\" data-widget_type=\"divider.default\">\n\t\t\t\t\t\t\t<div class=\"elementor-divider\">\n\t\t\t<span class=\"elementor-divider-separator\">\n\t\t\t\t\t\t<\/span>\n\t\t<\/div>\n\t\t\t\t\t\t<\/div>\n\t\t\t\t<div class=\"elementor-element elementor-element-cb7eff3 elementor-widget__width-initial elementor-widget elementor-widget-text-editor\" data-id=\"cb7eff3\" data-element_type=\"widget\" data-e-type=\"widget\" data-widget_type=\"text-editor.default\">\n\t\t\t\t\t\t\t\t\t<div id=\"content\" class=\"flex flex-wrap w-full\"><div class=\"w-3\/6\"><div class=\"company-full-name-value attribute-value mb-4 inline-flex\"><p id=\"registry-details-row-copy-0\" class=\"p-element registry-details__row__copy ml-3 mobile::hidden\">Kontakt od 18.00 do 20.00 od poniedzia\u0142ku do pi\u0105tku.<\/p><\/div><\/div><\/div>\t\t\t\t\t\t\t\t<\/div>\n\t\t\t\t<div class=\"elementor-element elementor-element-de93d92 elementor-widget-divider--view-line elementor-widget elementor-widget-divider\" data-id=\"de93d92\" data-element_type=\"widget\" data-e-type=\"widget\" data-widget_type=\"divider.default\">\n\t\t\t\t\t\t\t<div class=\"elementor-divider\">\n\t\t\t<span class=\"elementor-divider-separator\">\n\t\t\t\t\t\t<\/span>\n\t\t<\/div>\n\t\t\t\t\t\t<\/div>\n\t\t\t\t<div class=\"elementor-element elementor-element-1ea906d elementor-widget__width-initial elementor-widget elementor-widget-text-editor\" data-id=\"1ea906d\" data-element_type=\"widget\" data-e-type=\"widget\" data-widget_type=\"text-editor.default\">\n\t\t\t\t\t\t\t\t\t<div id=\"content\" class=\"flex flex-wrap w-full\"><div class=\"w-3\/6\"><div class=\"company-full-name-value attribute-value mb-4 inline-flex\"><p id=\"registry-details-row-copy-0\" class=\"p-element registry-details__row__copy ml-3 mobile::hidden\">Dla os\u00f3b kt\u00f3re chc\u0105 zrealizowa\u0107 praktyki studenckie i praktyki dla przedsi\u0119biorc\u00f3w:<\/p><p><strong>+48 505 565 525<\/strong><\/p><p>lub na e-mail:<\/p><p><strong>kontakt@agromarket-polska.pl<\/strong><\/p><\/div><\/div><\/div>\t\t\t\t\t\t\t\t<\/div>\n\t\t\t\t<div class=\"elementor-element elementor-element-9e844ac elementor-widget-divider--view-line elementor-widget elementor-widget-divider\" data-id=\"9e844ac\" data-element_type=\"widget\" data-e-type=\"widget\" data-widget_type=\"divider.default\">\n\t\t\t\t\t\t\t<div class=\"elementor-divider\">\n\t\t\t<span class=\"elementor-divider-separator\">\n\t\t\t\t\t\t<\/span>\n\t\t<\/div>\n\t\t\t\t\t\t<\/div>\n\t\t\t\t<div class=\"elementor-element elementor-element-66ef663 elementor-icon-list--layout-traditional elementor-list-item-link-full_width elementor-widget elementor-widget-icon-list\" data-id=\"66ef663\" data-element_type=\"widget\" data-e-type=\"widget\" data-widget_type=\"icon-list.default\">\n\t\t\t\t\t\t\t<ul class=\"elementor-icon-list-items\">\n\t\t\t\t\t\t\t<li class=\"elementor-icon-list-item\">\n\t\t\t\t\t\t\t\t\t\t\t<a href=\"https:\/\/agromarket-polska.pl\/?page_id=3\">\n\n\t\t\t\t\t\t\t\t\t\t\t<span class=\"elementor-icon-list-text\">Polityka prywatno\u015bci<\/span>\n\t\t\t\t\t\t\t\t\t\t\t<\/a>\n\t\t\t\t\t\t\t\t\t<\/li>\n\t\t\t\t\t\t<\/ul>\n\t\t\t\t\t\t<\/div>\n\t\t\t\t\t<\/div>\n\t\t\t\t<\/div>\n\t\t\t\t<\/div>\n\t\t","protected":false},"excerpt":{"rendered":"<p>AGROMARKET POLSKA SP\u00d3\u0141KA Z OGRANICZON\u0104 ODPOWIEDZIALNO\u015aCI\u0104 Adres siedziby Polska, 20-291 LublinUL. GENERA\u0141A STANIS\u0141AWA SKALSKIEGO 3 \/ 11 NIP: 9462759586REGON: 543023609KRS: 0001200515 Kontakt od 18.00 do 20.00 od poniedzia\u0142ku do pi\u0105tku. Dla os\u00f3b kt\u00f3re chc\u0105 zrealizowa\u0107 praktyki studenckie i praktyki dla przedsi\u0119biorc\u00f3w: +48 505 565 525 lub na e-mail: kontakt@agromarket-polska.pl Polityka prywatno\u015bci<\/p>\n","protected":false},"author":1,"featured_media":0,"parent":0,"menu_order":0,"comment_status":"closed","ping_status":"closed","template":"","meta":{"footnotes":""},"class_list":["post-7","page","type-page","status-publish","hentry"],"_links":{"self":[{"href":"https:\/\/agromarket-polska.pl\/index.php?rest_route=\/wp\/v2\/pages\/7","targetHints":{"allow":["GET"]}}],"collection":[{"href":"https:\/\/agromarket-polska.pl\/index.php?rest_route=\/wp\/v2\/pages"}],"about":[{"href":"https:\/\/agromarket-polska.pl\/index.php?rest_route=\/wp\/v2\/types\/page"}],"author":[{"embeddable":true,"href":"https:\/\/agromarket-polska.pl\/index.php?rest_route=\/wp\/v2\/users\/1"}],"replies":[{"embeddable":true,"href":"https:\/\/agromarket-polska.pl\/index.php?rest_route=%2Fwp%2Fv2%2Fcomments&post=7"}],"version-history":[{"count":38,"href":"https:\/\/agromarket-polska.pl\/index.php?rest_route=\/wp\/v2\/pages\/7\/revisions"}],"predecessor-version":[{"id":55,"href":"https:\/\/agromarket-polska.pl\/index.php?rest_route=\/wp\/v2\/pages\/7\/revisions\/55"}],"wp:attachment":[{"href":"https:\/\/agromarket-polska.pl\/index.php?rest_route=%2Fwp%2Fv2%2Fmedia&parent=7"}],"curies":[{"name":"wp","href":"https:\/\/api.w.org\/{rel}","templated":true}]}}